{"id":1319,"date":"2024-07-17T14:53:00","date_gmt":"2024-07-17T14:53:00","guid":{"rendered":"https:\/\/pierrevangalen.com\/de\/about\/"},"modified":"2025-12-17T15:26:14","modified_gmt":"2025-12-17T15:26:14","slug":"ursprung","status":"publish","type":"page","link":"https:\/\/pierrevangalen.com\/de\/ursprung\/","title":{"rendered":"Ursprung"},"content":{"rendered":"\t\t<div data-elementor-type=\"wp-page\" data-elementor-id=\"1319\" class=\"elementor elementor-1319\">\n\t\t\t\t<div class=\"elementor-element elementor-element-c6239c3 e-con-full e-flex e-con e-parent\" data-id=\"c6239c3\" data-element_type=\"container\" data-e-type=\"container\">\n\t\t\t\t<div class=\"elementor-element elementor-element-531a885 elementor-widget elementor-widget-image\" data-id=\"531a885\" data-element_type=\"widget\" data-e-type=\"widget\" data-widget_type=\"image.default\">\n\t\t\t\t<div class=\"elementor-widget-container\">\n\t\t\t\t\t\t\t\t\t\t\t\t\t\t\t<img fetchpriority=\"high\" decoding=\"async\" width=\"700\" height=\"706\" src=\"https:\/\/pierrevangalen.com\/de\/wp-content\/uploads\/2024\/07\/sceau-von-Galen.webp\" class=\"attachment-1536x1536 size-1536x1536 wp-image-1718\" alt=\"\" \/>\t\t\t\t\t\t\t\t\t\t\t\t\t\t\t<\/div>\n\t\t\t\t<\/div>\n\t\t\t\t<\/div>\n\t\t\t\t<section class=\"elementor-section elementor-top-section elementor-element elementor-element-40f97ca5 elementor-section-boxed elementor-section-height-default elementor-section-height-default\" data-id=\"40f97ca5\" data-element_type=\"section\" data-e-type=\"section\">\n\t\t\t\t\t\t<div class=\"elementor-container elementor-column-gap-default\">\n\t\t\t\t\t<div class=\"elementor-column elementor-col-100 elementor-top-column elementor-element elementor-element-1324d52e\" data-id=\"1324d52e\" data-element_type=\"column\" data-e-type=\"column\">\n\t\t\t<div class=\"elementor-widget-wrap elementor-element-populated\">\n\t\t\t\t\t\t<div class=\"elementor-element elementor-element-75e8429f elementor-widget elementor-widget-text-editor\" data-id=\"75e8429f\" data-element_type=\"widget\" data-e-type=\"widget\" data-widget_type=\"text-editor.default\">\n\t\t\t\t<div class=\"elementor-widget-container\">\n\t\t\t\t\t\t\t\t\t<h3 style=\"text-align: center;\"><span style=\"color: #008000;\"><img decoding=\"async\" class=\"alignnone size-medium wp-image-1711\" src=\"https:\/\/pierrevangalen.com\/de\/wp-content\/uploads\/2024\/07\/Herimannus-de-GALIN-1143-300x169.png\" alt=\"\" width=\"300\" height=\"169\" \/>Tauschakt des Erzbischofs Arnold I. von K\u00f6ln (~1142) :<\/span><\/h3>\t\t\t\t\t\t\t\t<\/div>\n\t\t\t\t<\/div>\n\t\t\t\t\t<\/div>\n\t\t<\/div>\n\t\t\t\t\t<\/div>\n\t\t<\/section>\n\t\t\t\t<section class=\"elementor-section elementor-top-section elementor-element elementor-element-6392e866 elementor-section-boxed elementor-section-height-default elementor-section-height-default\" data-id=\"6392e866\" data-element_type=\"section\" data-e-type=\"section\" data-settings=\"{&quot;background_background&quot;:&quot;classic&quot;}\">\n\t\t\t\t\t\t<div class=\"elementor-container elementor-column-gap-default\">\n\t\t\t\t\t<div class=\"elementor-column elementor-col-25 elementor-top-column elementor-element elementor-element-5c4b6002\" data-id=\"5c4b6002\" data-element_type=\"column\" data-e-type=\"column\">\n\t\t\t<div class=\"elementor-widget-wrap\">\n\t\t\t\t\t\t\t<\/div>\n\t\t<\/div>\n\t\t\t\t<div class=\"elementor-column elementor-col-25 elementor-top-column elementor-element elementor-element-2cc24d66\" data-id=\"2cc24d66\" data-element_type=\"column\" data-e-type=\"column\">\n\t\t\t<div class=\"elementor-widget-wrap elementor-element-populated\">\n\t\t\t\t\t\t<div class=\"elementor-element elementor-element-6d530b3b elementor-widget elementor-widget-heading\" data-id=\"6d530b3b\" data-element_type=\"widget\" data-e-type=\"widget\" data-widget_type=\"heading.default\">\n\t\t\t\t<div class=\"elementor-widget-container\">\n\t\t\t\t\t<h3 class=\"elementor-heading-title elementor-size-default\">Wer wei\u00df bitte, wo sich das ORIGINAL dieses Dokuments befindet ?\n<\/h3>\t\t\t\t<\/div>\n\t\t\t\t<\/div>\n\t\t\t\t\t<\/div>\n\t\t<\/div>\n\t\t\t\t<div class=\"elementor-column elementor-col-25 elementor-top-column elementor-element elementor-element-66a660ee\" data-id=\"66a660ee\" data-element_type=\"column\" data-e-type=\"column\">\n\t\t\t<div class=\"elementor-widget-wrap elementor-element-populated\">\n\t\t\t\t\t\t<div class=\"elementor-element elementor-element-2ca55ed1 elementor-align-center elementor-widget elementor-widget-button\" data-id=\"2ca55ed1\" data-element_type=\"widget\" data-e-type=\"widget\" data-widget_type=\"button.default\">\n\t\t\t\t<div class=\"elementor-widget-container\">\n\t\t\t\t\t\t\t\t\t<div class=\"elementor-button-wrapper\">\n\t\t\t\t\t<a class=\"elementor-button elementor-button-link elementor-size-sm\" href=\"https:\/\/pierrevangalen.com\/de\/contact\">\n\t\t\t\t\t\t<span class=\"elementor-button-content-wrapper\">\n\t\t\t\t\t\t\t\t\t<span class=\"elementor-button-text\">Erfahrungsbericht<\/span>\n\t\t\t\t\t<\/span>\n\t\t\t\t\t<\/a>\n\t\t\t\t<\/div>\n\t\t\t\t\t\t\t\t<\/div>\n\t\t\t\t<\/div>\n\t\t\t\t\t<\/div>\n\t\t<\/div>\n\t\t\t\t<div class=\"elementor-column elementor-col-25 elementor-top-column elementor-element elementor-element-1158436\" data-id=\"1158436\" data-element_type=\"column\" data-e-type=\"column\">\n\t\t\t<div class=\"elementor-widget-wrap\">\n\t\t\t\t\t\t\t<\/div>\n\t\t<\/div>\n\t\t\t\t\t<\/div>\n\t\t<\/section>\n\t\t<div class=\"elementor-element elementor-element-95d40d8 e-flex e-con-boxed e-con e-parent\" data-id=\"95d40d8\" data-element_type=\"container\" data-e-type=\"container\">\n\t\t\t\t\t<div class=\"e-con-inner\">\n\t\t\t\t<div class=\"elementor-element elementor-element-533e17c elementor-widget elementor-widget-bdt-image-magnifier\" data-id=\"533e17c\" data-element_type=\"widget\" data-e-type=\"widget\" data-widget_type=\"bdt-image-magnifier.default\">\n\t\t\t\t<div class=\"elementor-widget-container\">\n\t\t\t\t\t            <div data-settings=\"{&quot;type&quot;:&quot;inner&quot;,&quot;bigImageSrc&quot;:&quot;https:\\\/\\\/pierrevangalen.com\\\/de\\\/wp-content\\\/uploads\\\/2024\\\/07\\\/Herimannus-de-GALIN-1143.webp&quot;,&quot;smoothMove&quot;:true,&quot;preload&quot;:true,&quot;zoomSize&quot;:[480,300],&quot;offset&quot;:[0,0]}\" class=\"bdt-image-magnifier bdt-position-relative\">\n                <img decoding=\"async\" class=\"bdt-image-magnifier-image\" src=\"https:\/\/pierrevangalen.com\/de\/wp-content\/uploads\/2024\/07\/Herimannus-de-GALIN-1143.webp\" alt=\"\">\n            <\/div>\n            \t\t\t\t<\/div>\n\t\t\t\t<\/div>\n\t\t\t\t\t<\/div>\n\t\t\t\t<\/div>\n\t\t<div class=\"elementor-element elementor-element-1f83cf1 e-con-full e-flex e-con e-parent\" data-id=\"1f83cf1\" data-element_type=\"container\" data-e-type=\"container\">\n\t\t<div class=\"elementor-element elementor-element-7faa723 e-con-full e-flex e-con e-child\" data-id=\"7faa723\" data-element_type=\"container\" data-e-type=\"container\">\n\t\t\t\t<div class=\"elementor-element elementor-element-ca9d341 elementor-widget elementor-widget-text-editor\" data-id=\"ca9d341\" data-element_type=\"widget\" data-e-type=\"widget\" data-widget_type=\"text-editor.default\">\n\t\t\t\t<div class=\"elementor-widget-container\">\n\t\t\t\t\t\t\t\t\t<p><span style=\"color: #ff0000;\" data-darkreader-inline-color=\"\">Im Folgenden gebe ich den lateinischen Text wieder:<\/span><\/p>\t\t\t\t\t\t\t\t<\/div>\n\t\t\t\t<\/div>\n\t\t\t\t<\/div>\n\t\t\t\t<\/div>\n\t\t<div class=\"elementor-element elementor-element-0f1eb8a e-con-full e-flex e-con e-parent\" data-id=\"0f1eb8a\" data-element_type=\"container\" data-e-type=\"container\">\n\t\t<div class=\"elementor-element elementor-element-074edf3 e-con-full e-flex e-con e-child\" data-id=\"074edf3\" data-element_type=\"container\" data-e-type=\"container\">\n\t\t\t\t<div class=\"elementor-element elementor-element-b4a299f elementor-widget elementor-widget-text-editor\" data-id=\"b4a299f\" data-element_type=\"widget\" data-e-type=\"widget\" data-widget_type=\"text-editor.default\">\n\t\t\t\t<div class=\"elementor-widget-container\">\n\t\t\t\t\t\t\t\t\t<section class=\"elementor-section elementor-top-section elementor-element elementor-element-0edebe1 elementor-section-full_width elementor-section-height-default elementor-section-height-default\" data-id=\"0edebe1\" data-element_type=\"section\">\n<div class=\"elementor-container elementor-column-gap-default\">\n<div class=\"elementor-column elementor-col-100 elementor-top-column elementor-element elementor-element-22b6b2a\" data-id=\"22b6b2a\" data-element_type=\"column\">\n<div class=\"elementor-widget-wrap elementor-element-populated\">\n<div class=\"elementor-element elementor-element-09896ef elementor-widget elementor-widget-text-editor\" data-id=\"09896ef\" data-element_type=\"widget\" data-widget_type=\"text-editor.default\">\n<div class=\"elementor-widget-container\">\n<p style=\"text-align: center;\"><span style=\"color: #008080;\">355. Erzbischof Arnold I. von K\u00f6ln best\u00e4tigt den Tausch, wodurch Godschalk, Bruder des Grafen Gerhard von Loo, der Stiftskirche zu Rees ein Gut zu Menzeln gegen ein anderes abgetreten.<\/span><\/p>\n<p style=\"text-align: center;\"><span style=\"color: #008080;\">(1138-1146)<\/span><br \/><span style=\"color: #008080;\">In nomine sancte et individue trinitatis. <em>Amoldus<\/em> Dei gratia coloniensis archiepiscopus. Notum esse volumus<\/span><br \/><span style=\"color: #008080;\">sanctis christi nostrisque fidelibus tam silicet futuris quam presentibus. de commutatione uel con cambio, quod<\/span><br \/><span style=\"color: #008080;\"><em>Godescalcus<\/em>. vir ingenuus. frater comitis <em>Gerhardi de Lo<\/em>. et <em>Ressensis<\/em> ecclesie canonici. pari utrimque voto.<\/span><br \/><span style=\"color: #008080;\">atque consensu unanimi. mea in presentia contractu firmissimo contraxerunt. <\/span><\/p>\n<p style=\"text-align: center;\"><span style=\"color: #008080;\">Quia enim prefatam ressensem<\/span><br \/><span style=\"color: #008080;\">ecclesiam cum rebus suis ubicumque positis. antiqua predecessorum mecorun institutio. nullius advocati. sed sue<\/span><br \/><span style=\"color: #008080;\">solummodo tutele gubernandam reservavit. isdem predictus Godescalcus. consentiente et conlaudante fratre sue<\/span><br \/><span style=\"color: #008080;\">Gerhardo. predium suum et quicquid in <em>Mehla<\/em> visus est possidere. cum universis appenditiis atqne emolumentis<\/span><br \/><span style=\"color: #008080;\">quesitis et acquirendis, mansum videlicet iutegrum atque dimidium. cum pratis et pascuis adherentibns. et potestate<\/span><br \/><span style=\"color: #008080;\">forestaria in silvas circumstantes. adiunctis quoque tribus iugeribus agro uidelicet qui vocatur smithacker, et uno<\/span><br \/><span style=\"color: #008080;\">prato in <em>Medewurth<\/em>. et agro ad aucupandum habili. et VIIII. utriusque sexus mancipiis. sancte Marie in ressa, in<\/span><br \/><span style=\"color: #008080;\">proprietatem perpetuam traditione legitima tradidit atque transfudit in perpetuum. <\/span><\/p>\n<p style=\"text-align: center;\"><span style=\"color: #008080;\">Hanc autem traditionem ipse<\/span><br \/><span style=\"color: #008080;\">manu mea suscepi ecclesie firmiter defendendam. adiuncta mecum ex mundane legis consuetudine laica manu. domno<\/span><br \/><span style=\"color: #008080;\"><em>Reinhero de kriekenbeco<\/em>, qui tamen quicquid exinde iuris aut potestatis in predictis ecclcsia rebus habere potuit.<\/span><br \/><span style=\"color: #008080;\">ilico abrenunciauit atque mee potestati reconsignavit. Prefate vero ressensis ecclesie canonici predium suum quod<\/span><br \/><span style=\"color: #008080;\">eadem ecclcsia ex liberalitate beate memorie prepositi sui Adolfi, in <em>Alethnin<\/em> habere visa est cum utilitatibus ad<\/span><br \/><span style=\"color: #008080;\">illud pertinentibus et VII. mancipia suprafato Godeschalco in proprietatem tradiderunt. facientcs commutiationem<\/span><br \/><span style=\"color: #008080;\">contractu perpetuo.<\/span><\/p>\n<p style=\"text-align: center;\"><span style=\"color: #008080;\">Ut igitur hic commutationis contractus inconvulsus permaneat. et Ressensis ecclesia suas res<\/span><br \/><span style=\"color: #008080;\">quiete in perpetuum possideat. inpressione sigilli nostri hanc cartam signatam roboramus. ut guicumque pacis et<\/span><br \/><span style=\"color: #008080;\">concordie inimicus. sine ipse Godeschalcus quod absit. sine frater eius Gerhardus. uel quicumque ex heredibus, uel<\/span><br \/><span style=\"color: #008080;\">etiam quecumque aliena persona. Ressensis ecclesie res invadere. distrahere. dissipare. uel turbare presumpserit<\/span><br \/><span style=\"color: #008080;\">tam consentiens quam faciens duro se anathematis vinculo ligatum sciat. donec penitentie digna satisfactione<\/span><br \/><span style=\"color: #008080;\">resipiscat.<\/span><\/p>\n<p style=\"text-align: center;\"><span style=\"color: #008080;\">Huic commutationi testes intererant. Thiepoldus prepositus de s Severino. Thiedricus prep de ss.<\/span><br \/><span style=\"color: #008080;\">apostolis. Gerlagus canonicus s. Gereonis. Otto comes Adolfus comes. Kristian de Wieflinchoain. Engelbertns de<\/span><br \/><span style=\"color: #008080;\">hornin. Heinricus de aldenthorrin, Almar advocatus. Cunradus advocatus. Herradus de ninsa. <span style=\"text-decoration: underline;\"><em>Herimannus de Galin.<\/em> <\/span><\/span><br \/><span style=\"color: #008080;\">Herimannus de heppenthorpo. Cunradus villicus de ressa. Hemmo et frater eius Luthewigus de hienin Thidricus<\/span><br \/><span style=\"color: #008080;\">de hurlo. Philippus de pirnin.<\/span><br \/><span style=\"color: #008080;\">Nota Bene:<\/span><\/p>\n<p style=\"text-align: center;\"><span style=\"color: #008080;\">1 \u2013 Die in der Urkunde genannten Zeugen ergeben, da\u00df dieselbe in diesen Zeitraum f\u00e4llt.<\/span><br \/><span style=\"color: #008080;\">2 \u2013 Der Name Mehln oder Mechln ist im Laufe der Zeit in Meggele, Mengele, Menselen, Menzeln \u00fcbergegangen.<\/span><br \/><span style=\"color: #008080;\">3 &#8211; &#8222;u&#8220; wird oft als &#8222;v&#8220; gelesen, ebenso wie &#8222;i&#8220; als &#8222;j&#8220;.<\/span><\/p>\n<\/div>\n<\/div>\n<\/div>\n<\/div>\n<\/div>\n<\/section>\t\t\t\t\t\t\t\t<\/div>\n\t\t\t\t<\/div>\n\t\t\t\t<\/div>\n\t\t\t\t<\/div>\n\t\t<div class=\"elementor-element elementor-element-cb9b915 e-flex e-con-boxed e-con e-parent\" data-id=\"cb9b915\" data-element_type=\"container\" data-e-type=\"container\">\n\t\t\t\t\t<div class=\"e-con-inner\">\n\t\t\t\t<div class=\"elementor-element elementor-element-f0decd3 elementor-widget elementor-widget-text-editor\" data-id=\"f0decd3\" data-element_type=\"widget\" data-e-type=\"widget\" data-widget_type=\"text-editor.default\">\n\t\t\t\t<div class=\"elementor-widget-container\">\n\t\t\t\t\t\t\t\t\t<p><span style=\"color: #ff0000;\" data-darkreader-inline-color=\"\">Referenzen ab dem 15. Jahrhundert :<\/span><\/p>\t\t\t\t\t\t\t\t<\/div>\n\t\t\t\t<\/div>\n\t\t\t\t\t<\/div>\n\t\t\t\t<\/div>\n\t\t<div class=\"elementor-element elementor-element-fb68312 e-flex e-con-boxed e-con e-parent\" data-id=\"fb68312\" data-element_type=\"container\" data-e-type=\"container\">\n\t\t\t\t\t<div class=\"e-con-inner\">\n\t\t\t\t<div class=\"elementor-element elementor-element-0ca3ea0 elementor-widget elementor-widget-bdt-image-magnifier\" data-id=\"0ca3ea0\" data-element_type=\"widget\" data-e-type=\"widget\" data-widget_type=\"bdt-image-magnifier.default\">\n\t\t\t\t<div class=\"elementor-widget-container\">\n\t\t\t\t\t            <div data-settings=\"{&quot;type&quot;:&quot;inner&quot;,&quot;bigImageSrc&quot;:&quot;https:\\\/\\\/pierrevangalen.com\\\/de\\\/wp-content\\\/uploads\\\/2025\\\/12\\\/vls_8118464-pdf.jpg&quot;,&quot;smoothMove&quot;:true,&quot;preload&quot;:true,&quot;zoomSize&quot;:[480,300],&quot;offset&quot;:[0,0]}\" class=\"bdt-image-magnifier bdt-position-relative\">\n                <img decoding=\"async\" class=\"bdt-image-magnifier-image\" src=\"https:\/\/pierrevangalen.com\/de\/wp-content\/uploads\/2025\/12\/vls_8118464-pdf.jpg\" alt=\"\">\n            <\/div>\n            \t\t\t\t<\/div>\n\t\t\t\t<\/div>\n\t\t\t\t\t<\/div>\n\t\t\t\t<\/div>\n\t\t<div class=\"elementor-element elementor-element-9f1092d e-flex e-con-boxed e-con e-parent\" data-id=\"9f1092d\" data-element_type=\"container\" data-e-type=\"container\">\n\t\t\t\t\t<div class=\"e-con-inner\">\n\t\t\t\t<div class=\"elementor-element elementor-element-1b7811a elementor-widget elementor-widget-bdt-image-magnifier\" data-id=\"1b7811a\" data-element_type=\"widget\" data-e-type=\"widget\" data-widget_type=\"bdt-image-magnifier.default\">\n\t\t\t\t<div class=\"elementor-widget-container\">\n\t\t\t\t\t            <div data-settings=\"{&quot;type&quot;:&quot;inner&quot;,&quot;bigImageSrc&quot;:&quot;https:\\\/\\\/pierrevangalen.com\\\/de\\\/wp-content\\\/uploads\\\/2025\\\/12\\\/vanGalen2-pdf.jpg&quot;,&quot;smoothMove&quot;:true,&quot;preload&quot;:true,&quot;zoomSize&quot;:[480,300],&quot;offset&quot;:[0,0]}\" class=\"bdt-image-magnifier bdt-position-relative\">\n                <img decoding=\"async\" class=\"bdt-image-magnifier-image\" src=\"https:\/\/pierrevangalen.com\/de\/wp-content\/uploads\/2025\/12\/vanGalen2-pdf.jpg\" alt=\"\">\n            <\/div>\n            \t\t\t\t<\/div>\n\t\t\t\t<\/div>\n\t\t\t\t\t<\/div>\n\t\t\t\t<\/div>\n\t\t\t\t<section class=\"elementor-section elementor-top-section elementor-element elementor-element-4836eb80 elementor-section-boxed elementor-section-height-default elementor-section-height-default\" data-id=\"4836eb80\" data-element_type=\"section\" data-e-type=\"section\">\n\t\t\t\t\t\t<div class=\"elementor-container elementor-column-gap-default\">\n\t\t\t\t\t<div class=\"elementor-column elementor-col-100 elementor-top-column elementor-element elementor-element-3d815811\" data-id=\"3d815811\" data-element_type=\"column\" data-e-type=\"column\">\n\t\t\t<div class=\"elementor-widget-wrap elementor-element-populated\">\n\t\t\t\t\t\t<div class=\"elementor-element elementor-element-287a3cff elementor-widget elementor-widget-text-editor\" data-id=\"287a3cff\" data-element_type=\"widget\" data-e-type=\"widget\" data-widget_type=\"text-editor.default\">\n\t\t\t\t<div class=\"elementor-widget-container\">\n\t\t\t\t\t\t\t\t\t<p><span style=\"color: #ff6600;\">Auch, klicken Sie jetzt bitte auf : <a href=\"https:\/\/de.wikipedia.org\/wiki\/Galen_(Adelsgeschlecht)\">deutsche wikipedia<\/a><br \/><\/span><\/p>\t\t\t\t\t\t\t\t<\/div>\n\t\t\t\t<\/div>\n\t\t\t\t\t<\/div>\n\t\t<\/div>\n\t\t\t\t\t<\/div>\n\t\t<\/section>\n\t\t\t\t<section class=\"elementor-section elementor-top-section elementor-element elementor-element-11e62b87 elementor-section-boxed elementor-section-height-default elementor-section-height-default\" data-id=\"11e62b87\" data-element_type=\"section\" data-e-type=\"section\">\n\t\t\t\t\t\t<div class=\"elementor-container elementor-column-gap-default\">\n\t\t\t\t\t<div class=\"elementor-column elementor-col-100 elementor-top-column elementor-element elementor-element-507cc0e3\" data-id=\"507cc0e3\" data-element_type=\"column\" data-e-type=\"column\">\n\t\t\t<div class=\"elementor-widget-wrap elementor-element-populated\">\n\t\t\t\t\t\t<div class=\"elementor-element elementor-element-33565140 elementor-widget elementor-widget-text-editor\" data-id=\"33565140\" data-element_type=\"widget\" data-e-type=\"widget\" data-widget_type=\"text-editor.default\">\n\t\t\t\t<div class=\"elementor-widget-container\">\n\t\t\t\t\t\t\t\t\t<p><span style=\"color: #ff6600;\">ein wenig 17. Jahrhundert Kultur jetzt \u00fcber den Bildhauer Johann Mauritz Gr\u00f6ninger, verpassen Sie nicht den Besuch der Kathedrale von M\u00fcnster <a href=\"https:\/\/www.paulusdom.de\/gotteshaus\/kunstwerke\/kunstwerke-des-st-paulus-domes\/das-grabmal-fuerstbischofs-christoph-bernhard-von-galen\">Grabmal Ch von Galen<\/a><br \/><\/span><\/p>\t\t\t\t\t\t\t\t<\/div>\n\t\t\t\t<\/div>\n\t\t\t\t\t<\/div>\n\t\t<\/div>\n\t\t\t\t\t<\/div>\n\t\t<\/section>\n\t\t\t\t<section class=\"elementor-section elementor-top-section elementor-element elementor-element-1276ecff elementor-section-boxed elementor-section-height-default elementor-section-height-default\" data-id=\"1276ecff\" data-element_type=\"section\" data-e-type=\"section\">\n\t\t\t\t\t\t<div class=\"elementor-container elementor-column-gap-default\">\n\t\t\t\t\t<div class=\"elementor-column elementor-col-100 elementor-top-column elementor-element elementor-element-7818fe64\" data-id=\"7818fe64\" data-element_type=\"column\" data-e-type=\"column\">\n\t\t\t<div class=\"elementor-widget-wrap elementor-element-populated\">\n\t\t\t\t\t\t<div class=\"elementor-element elementor-element-6ad554d8 elementor-widget elementor-widget-text-editor\" data-id=\"6ad554d8\" data-element_type=\"widget\" data-e-type=\"widget\" data-widget_type=\"text-editor.default\">\n\t\t\t\t<div class=\"elementor-widget-container\">\n\t\t\t\t\t\t\t\t\t<p style=\"text-align: center;\"><span style=\"color: #ff6600;\">Schliesslich wollen wir Denjenigen bewundern, der zweimal von der Gestapo fast zum H\u00e4ngen abgef\u00fchrt wurde: &#8211;&gt;<a href=\"https:\/\/www.gdw-berlin.de\/en\/recess\/biographies\/index_of_persons\/biographie\/view-bio\/clemens-august-graf-von-galen\/?no_cache=1\/\">Seliger Clemens August, Graf von Galen<\/a><br \/><\/span><\/p><p>Als die Gestapo kam, um ihn zu stellen, zog er seine Bischofsgew\u00e4nder an und mit Mitra und Bischofsstab entmutigte er sie geschickt, indem er erkl\u00e4rte, dass er zu Fu\u00df zum Gef\u00e4ngnis gehe.<\/p>\t\t\t\t\t\t\t\t<\/div>\n\t\t\t\t<\/div>\n\t\t\t\t\t<\/div>\n\t\t<\/div>\n\t\t\t\t\t<\/div>\n\t\t<\/section>\n\t\t\t\t<\/div>\n\t\t","protected":false},"excerpt":{"rendered":"<p>Tauschakt des Erzbischofs Arnold I. von K\u00f6ln (~1142) : Wer wei\u00df bitte, wo sich das ORIGINAL dieses Dokuments befindet ? Erfahrungsbericht Im Folgenden gebe ich den lateinischen Text wieder: 355. Erzbischof Arnold I. von K\u00f6ln best\u00e4tigt den Tausch, wodurch Godschalk, Bruder des Grafen Gerhard von Loo, der Stiftskirche zu Rees ein Gut zu Menzeln gegen [&hellip;]<\/p>\n","protected":false},"author":1,"featured_media":0,"parent":0,"menu_order":0,"comment_status":"closed","ping_status":"closed","template":"","meta":{"site-sidebar-layout":"no-sidebar","site-content-layout":"page-builder","ast-site-content-layout":"full-width-container","site-content-style":"unboxed","site-sidebar-style":"unboxed","ast-global-header-display":"","ast-banner-title-visibility":"","ast-main-header-display":"","ast-hfb-above-header-display":"","ast-hfb-below-header-display":"","ast-hfb-mobile-header-display":"","site-post-title":"disabled","ast-breadcrumbs-content":"","ast-featured-img":"disabled","footer-sml-layout":"","ast-disable-related-posts":"","theme-transparent-header-meta":"enabled","adv-header-id-meta":"","stick-header-meta":"","header-above-stick-meta":"","header-main-stick-meta":"","header-below-stick-meta":"","astra-migrate-meta-layouts":"set","ast-page-background-enabled":"default","ast-page-background-meta":{"desktop":{"background-color":"var(--ast-global-color-4)","background-image":"","background-repeat":"repeat","background-position":"center center","background-size":"auto","background-attachment":"scroll","background-type":"","background-media":"","overlay-type":"","overlay-color":"","overlay-opacity":"","overlay-gradient":""},"tablet":{"background-color":"","background-image":"","background-repeat":"repeat","background-position":"center center","background-size":"auto","background-attachment":"scroll","background-type":"","background-media":"","overlay-type":"","overlay-color":"","overlay-opacity":"","overlay-gradient":""},"mobile":{"background-color":"","background-image":"","background-repeat":"repeat","background-position":"center center","background-size":"auto","background-attachment":"scroll","background-type":"","background-media":"","overlay-type":"","overlay-color":"","overlay-opacity":"","overlay-gradient":""}},"ast-content-background-meta":{"desktop":{"background-color":"var(--ast-global-color-5)","background-image":"","background-repeat":"repeat","background-position":"center center","background-size":"auto","background-attachment":"scroll","background-type":"","background-media":"","overlay-type":"","overlay-color":"","overlay-opacity":"","overlay-gradient":""},"tablet":{"background-color":"var(--ast-global-color-5)","background-image":"","background-repeat":"repeat","background-position":"center center","background-size":"auto","background-attachment":"scroll","background-type":"","background-media":"","overlay-type":"","overlay-color":"","overlay-opacity":"","overlay-gradient":""},"mobile":{"background-color":"var(--ast-global-color-5)","background-image":"","background-repeat":"repeat","background-position":"center center","background-size":"auto","background-attachment":"scroll","background-type":"","background-media":"","overlay-type":"","overlay-color":"","overlay-opacity":"","overlay-gradient":""}},"footnotes":""},"class_list":["post-1319","page","type-page","status-publish","hentry"],"_links":{"self":[{"href":"https:\/\/pierrevangalen.com\/de\/wp-json\/wp\/v2\/pages\/1319","targetHints":{"allow":["GET"]}}],"collection":[{"href":"https:\/\/pierrevangalen.com\/de\/wp-json\/wp\/v2\/pages"}],"about":[{"href":"https:\/\/pierrevangalen.com\/de\/wp-json\/wp\/v2\/types\/page"}],"author":[{"embeddable":true,"href":"https:\/\/pierrevangalen.com\/de\/wp-json\/wp\/v2\/users\/1"}],"replies":[{"embeddable":true,"href":"https:\/\/pierrevangalen.com\/de\/wp-json\/wp\/v2\/comments?post=1319"}],"version-history":[{"count":73,"href":"https:\/\/pierrevangalen.com\/de\/wp-json\/wp\/v2\/pages\/1319\/revisions"}],"predecessor-version":[{"id":2117,"href":"https:\/\/pierrevangalen.com\/de\/wp-json\/wp\/v2\/pages\/1319\/revisions\/2117"}],"wp:attachment":[{"href":"https:\/\/pierrevangalen.com\/de\/wp-json\/wp\/v2\/media?parent=1319"}],"curies":[{"name":"wp","href":"https:\/\/api.w.org\/{rel}","templated":true}]}}