{"id":1318,"date":"2024-07-17T14:53:00","date_gmt":"2024-07-17T14:53:00","guid":{"rendered":"https:\/\/pierrevangalen.com\/de\/home\/"},"modified":"2025-12-11T14:49:09","modified_gmt":"2025-12-11T14:49:09","slug":"home","status":"publish","type":"page","link":"https:\/\/pierrevangalen.com\/de\/","title":{"rendered":"Home"},"content":{"rendered":"\t\t<div data-elementor-type=\"wp-page\" data-elementor-id=\"1318\" class=\"elementor elementor-1318\">\n\t\t\t\t<div class=\"elementor-element elementor-element-a4c550d e-flex e-con-boxed e-con e-parent\" data-id=\"a4c550d\" data-element_type=\"container\" data-e-type=\"container\">\n\t\t\t\t\t<div class=\"e-con-inner\">\n\t\t\t\t\t<\/div>\n\t\t\t\t<\/div>\n\t\t<div class=\"elementor-element elementor-element-07386d4 e-flex e-con-boxed e-con e-parent\" data-id=\"07386d4\" data-element_type=\"container\" data-e-type=\"container\">\n\t\t\t\t\t<div class=\"e-con-inner\">\n\t\t\t\t<div class=\"elementor-element elementor-element-56e1b11 elementor-widget elementor-widget-image\" data-id=\"56e1b11\" data-element_type=\"widget\" data-e-type=\"widget\" data-widget_type=\"image.default\">\n\t\t\t\t<div class=\"elementor-widget-container\">\n\t\t\t\t\t\t\t\t\t\t\t\t\t\t\t<img fetchpriority=\"high\" decoding=\"async\" width=\"910\" height=\"1024\" src=\"https:\/\/pierrevangalen.com\/de\/wp-content\/uploads\/2024\/08\/1200px-armes-v.-Galen-910x1024.webp\" class=\"attachment-large size-large wp-image-1926\" alt=\"\" srcset=\"https:\/\/pierrevangalen.com\/de\/wp-content\/uploads\/2024\/08\/1200px-armes-v.-Galen-910x1024.webp 910w, https:\/\/pierrevangalen.com\/de\/wp-content\/uploads\/2024\/08\/1200px-armes-v.-Galen-267x300.webp 267w, https:\/\/pierrevangalen.com\/de\/wp-content\/uploads\/2024\/08\/1200px-armes-v.-Galen-768x864.webp 768w, https:\/\/pierrevangalen.com\/de\/wp-content\/uploads\/2024\/08\/1200px-armes-v.-Galen.webp 1200w\" sizes=\"(max-width: 910px) 100vw, 910px\" \/>\t\t\t\t\t\t\t\t\t\t\t\t\t\t\t<\/div>\n\t\t\t\t<\/div>\n\t\t\t\t\t<\/div>\n\t\t\t\t<\/div>\n\t\t\t\t<section class=\"elementor-section elementor-top-section elementor-element elementor-element-2c395f90 elementor-section-content-middle elementor-section-full_width elementor-section-stretched elementor-section-height-default elementor-section-height-default\" data-id=\"2c395f90\" data-element_type=\"section\" data-e-type=\"section\" data-settings=\"{&quot;stretch_section&quot;:&quot;section-stretched&quot;}\">\n\t\t\t\t\t\t<div class=\"elementor-container elementor-column-gap-no\">\n\t\t\t\t\t<div class=\"elementor-column elementor-col-100 elementor-top-column elementor-element elementor-element-165c9d21\" data-id=\"165c9d21\" data-element_type=\"column\" data-e-type=\"column\">\n\t\t\t<div class=\"elementor-widget-wrap elementor-element-populated\">\n\t\t\t\t\t\t<div class=\"elementor-element elementor-element-38a21acb elementor-widget elementor-widget-heading\" data-id=\"38a21acb\" data-element_type=\"widget\" data-e-type=\"widget\" data-widget_type=\"heading.default\">\n\t\t\t\t<div class=\"elementor-widget-container\">\n\t\t\t\t\t<h3 class=\"elementor-heading-title elementor-size-large\">Genealogie der Familie GALEN<\/h3>\t\t\t\t<\/div>\n\t\t\t\t<\/div>\n\t\t\t\t\t<\/div>\n\t\t<\/div>\n\t\t\t\t\t<\/div>\n\t\t<\/section>\n\t\t\t\t<section class=\"elementor-section elementor-top-section elementor-element elementor-element-35b2ec3a elementor-section-full_width elementor-section-stretched elementor-section-height-default elementor-section-height-default\" data-id=\"35b2ec3a\" data-element_type=\"section\" data-e-type=\"section\" data-settings=\"{&quot;stretch_section&quot;:&quot;section-stretched&quot;}\">\n\t\t\t\t\t\t<div class=\"elementor-container elementor-column-gap-default\">\n\t\t\t\t\t<div class=\"elementor-column elementor-col-100 elementor-top-column elementor-element elementor-element-3552815e\" data-id=\"3552815e\" data-element_type=\"column\" data-e-type=\"column\">\n\t\t\t<div class=\"elementor-widget-wrap elementor-element-populated\">\n\t\t\t\t\t\t<div class=\"elementor-element elementor-element-1febbadb elementor-widget elementor-widget-text-editor\" data-id=\"1febbadb\" data-element_type=\"widget\" data-e-type=\"widget\" data-widget_type=\"text-editor.default\">\n\t\t\t\t<div class=\"elementor-widget-container\">\n\t\t\t\t\t\t\t\t\t<p><span style=\"color: #008000;\">Wenn der Name van GALEN oder von GALEN genannt wird, wird schnell klar, dass es sich um einen sehr alten Familiennamen handelt.<\/span><\/p><p><span style=\"color: #008000;\">Das Wappen [\u201c<em><strong>Gold mit drei rote Doppelhaken<\/strong><\/em>\u201c] ist in der Tat sehr einfach.<\/span><\/p><p><span style=\"color: #008000;\">Dies l\u00e4sst mich vermuten, dass diese Wappen vom K\u00f6nig, vom Papst oder vom Kaiser ganz am Anfang der Organisation der Ritterschaft verliehen wurden.\u00a0<\/span><\/p><p>In der Heraldik beschreibt die franz\u00f6sische Sprache den Crampon als einen Haken, mit dem man sich an einem Seil nach oben ziehen kann, w\u00e4hrend die deutsche Sprache von einer Wolfsangel spricht und diese als einen Angelhaken, eine Harpune oder einen Haken definiert, der an einer Kette befestigt ist, deren Ende mit einem Fu\u00df versehen ist, der in den Boden gesteckt wird, um eine Wolfsfalle zu bilden.<\/p><p>Ich \u00fcbersetze \u201ecrampon\u201c lieber mit \u201eder Steigeisen\u201c (steigen, klettern).<\/p><p><span style=\"color: #008000;\">\u00a0<\/span><\/p><p><span style=\"color: #008000;\">Ein kurzer Abstecher in die Nationalbibliothek brachte mich zu einer lateinischen Urkunde des Erzbischofs Arnold 1. von K\u00f6ln aus dem 12. Jahrhundert, in der er dem Bruder Godecalcus des Grafen Gerhard von Loo einen Tausch von G\u00fctern in Mchla [D] {nacheinander Meggele, Mengele, Menselen, Menzeln und Menzel, 180 km von Rees entfernt} mit der Stiftskirche von Rees [D ] gegen andere in der Urkunde genannte G\u00fcter gew\u00e4hrt.<\/span><\/p><p><span style=\"color: #008000;\">\u00a0<\/span><\/p><p><span style=\"color: #008000;\">Mehrere Adlige, Patrizier und zwei Anw\u00e4lte waren Zeugen dieser Urkunde. Die Analyse der Tatsache, dass sie sich versammelten, um ihre Siegel anzubringen, l\u00e4sst eine Datierung der Urkunde zwischen 1138 und 1146 zu. Die Siegel der Zeugen sind auf dem Dokument angebracht.<\/span><\/p><p><span style=\"color: #008000;\">Ein Zeuge ist unser m\u00f6glicher Vorfahre <em><strong>Herimannus de\u00a0GALIN<\/strong><\/em>.<\/span><\/p><p><span style=\"color: #008000;\">\u00a0<\/span><\/p><p><span style=\"color: #008000;\">Offenbar tritt er als Mitglied des Aufsichts- und Verwaltungsrates der Stiftskirche Sancta Maria von Rees [D] auf, aber dar\u00fcber wissen wir nichts, er k\u00f6nnte mit anderen Herren im Verdacht stehen, ein besserer Besch\u00fctzer der getauschten G\u00fcter zu sein als die Stiftskirche, und so die Familie von Loo zu unterst\u00fctzen. In Wirklichkeit ist nicht bekannt, welche Motive der Erzbischof von K\u00f6ln hatte, diesen Austausch zu organisieren. Wollte er unbezahlbare illuminierte Manuskripte an einem wenig bekannten Ort verstecken?<\/span><\/p><p><span style=\"color: #008000;\">\u00a0<\/span><\/p><p><span style=\"color: #008000;\">Wer warst du, Herimannus? Tr\u00e4gt Eure Lordschaft einen Adelstitel?<\/span><\/p><p><span style=\"color: #008000;\">Wo befanden sich Ihre L\u00e4ndereien, Ihre Besitzt\u00fcmer, in Gahlen [D-46514] {40 km von Rees [D-46459]}?\u00a0<\/span><\/p><p><span style=\"color: #008000;\">Haben Sie eine deutsch-r\u00f6mische Villa in Gahlen mit flie\u00dfend warmem und kaltem Wasser, Fu\u00dfbodenheizung, unterirdischen Abwasserrohren usw. renoviert oder hatte die Familie dort ein Schloss?<\/span><\/p><p><span style=\"color: #008000;\">War Gahlen an der Lippe, 33 m \u00fcber dem Meeresspiegel, 20 km vom Rhein entfernt (das ist mehr als eine Stunde Fahrt), der Schauplatz mehrerer Kriege? Wurde dieser Ort von der Familie mit Hilfe der ber\u00fchmten Stacheln gegen einen h\u00e4sslichen F\u00fcrsten erobert?<\/span><\/p><p><span style=\"color: #008000;\">Stammen Sie vielleicht aus einer Familie von \u00c4hrenmachern oder -verk\u00e4ufern, deren Know-how die goldene Farbe des Wappens rechtfertigt? Haben Sie eine deutsch-r\u00f6mische Schmiede renoviert?<\/span><\/p><p><span style=\"color: #008000;\">\u00a0<\/span><\/p><p><span style=\"color: #008000;\">War die Familie eher durch die prominenten Anh\u00e4nger des griechischen Arztes GALIEN [\u0393\u03b1\u03bb\u03b7\u03bd\u03cc\u03c2] bekannt? Dieser war im ganzen r\u00f6mischen Reich ber\u00fchmt und beriet die M\u00e4chtigsten. Er beschrieb in seiner Sprache die schreckliche Epidemie, die im Jahr 180 n. Chr. Tausende von B\u00fcrgern und Soldaten \u00fcber drei Jahre lang in ganzen St\u00e4dten dezimiert hatte. Den Symptomen nach handelte es sich um die aus \u00c4gypten eingeschleppten Pocken.<\/span><\/p><p><span style=\"color: #008000;\">\u00a0<\/span><\/p><p><span style=\"color: #008000;\">Seit dem Jahr 70 n. Chr. war die pax romana jedoch im gesamten Reich akzeptiert. Die pensionierten Legion\u00e4re wurden ermutigt, egal ob \u00c4gypter, Daker (Rum\u00e4nen) oder &#8222;Briten&#8220; (Engl\u00e4nder), \u00fcberall Aqu\u00e4dukte, Stra\u00dfen, Thermen und Amphitheater zu bauen und instand zu halten.<\/span><\/p><p><span style=\"color: #008000;\">\u00a0<\/span><\/p><p><span style=\"color: #008000;\">Doch der Zerfall des Reiches ist bereits in vollem Gange, Kriege, Epidemien, Vergiftungen und verschmutzte (nicht gechlorte!) \u00f6ffentliche B\u00e4der schlagen auf die Gem\u00fcter. Man ist motiviert, ins Ausland zu gehen.<\/span><\/p><p><span style=\"color: #008000;\">So ist es m\u00f6glich, dass ein oder zwei Sch\u00fcler oder S\u00f6hne Galenos sich in den ersten Jahrhunderten unserer Zeitrechnung namens de Galin aus Liebe zu einer blondhaarigen Germanin am rechten Rheinufer niederlie\u00dfen und dass ihre Nachkommen, die sich in der zweiten H\u00e4lfte des ersten Jahrtausends in der Landesverteidigung oder bei der Rechtsprechung des Kaisers auszeichneten, zu Adligen mit Haken wurden.<\/span><\/p><p><span style=\"color: #008000;\">\u00a0<\/span><\/p><p>Kommen wir auf Herrimannus von Galin im Jahr 1142 zur\u00fcck. Es gibt n\u00e4mlich noch eine dritte M\u00f6glichkeit, in den Adelsstand erhoben zu werden, n\u00e4mlich wenn man seinem Land markante Dienste geleistet hat.<\/p><p>Lippe ist die n\u00f6rdliche Grenze des weitl\u00e4ufigen Ruhrgebiets, das f\u00fcr seine reichen Eisen- und Kohlevorkommen bekannt ist.<\/p><p>In der zweiten H\u00e4lfte des 16\u1d49 Jahrhunderts ist Gahlen als kohlef\u00fchrender Flusshafen bekannt {Scholtz-Babisch, Kleef, Seiten 978,979}.<\/p><p>Dies war m\u00f6glicherweise schon seit mehreren Jahrhunderten der Fall, denn die R\u00f6mer hatten an der Lippe alle 30 km dauerhafte Lager errichtet. Tiberius wurde dort mehrmals empfangen. Musste man in diesen Lagern nicht heizen und Schwerter oder Krampusse schmieden?<\/p><p>H\u00e4tte sich einer von Galin vor oder nach 1142 der Ausbeutung, dem Handel oder dem Transport mit Schiffen zum Rhein von Kohle und\/oder Eisen von dem Ort Gahlen aus gewidmet? {Gahlen, ihr Lehen seit mehr als tausend Jahren ?}.<\/p><p><span style=\"color: #008000;\">Lieber Herimannus, bitte versuche, uns zu erleuchten, w\u00e4hrend ich die Spuren deines Schattens beschw\u00f6re! Wo sind Sie begraben?<\/span><\/p><p><span style=\"color: #008000;\">Nach Ihnen und bis zum Beginn der Kirchenb\u00fccher (um 1500) lebten viele Patrizier und Adlige, die unseren Namen trugen, viele mit dem Titel eines Barons oder Grafen. Das zu Beginn des 19. Jahrhunderts von der Deutschen Gesellschaft f\u00fcr Familienforschung, die anerkannte Wappen tragen die Grafenkrone (9 Perlen).<\/span><\/p><p><span style=\"color: #008000;\">Mein Zweig geht vom Vater auf den Sohn ab 1520 \u00fcber (siehe andere Registerkarten).<\/span><\/p><div>\u00a0<\/div><div>\u00a0<\/div>\t\t\t\t\t\t\t\t<\/div>\n\t\t\t\t<\/div>\n\t\t\t\t<div class=\"elementor-element elementor-element-2ff5f986 elementor-widget elementor-widget-google_maps\" data-id=\"2ff5f986\" data-element_type=\"widget\" data-e-type=\"widget\" data-widget_type=\"google_maps.default\">\n\t\t\t\t<div class=\"elementor-widget-container\">\n\t\t\t\t\t\t\t<div class=\"elementor-custom-embed\">\n\t\t\t<iframe loading=\"lazy\"\n\t\t\t\t\tsrc=\"https:\/\/maps.google.com\/maps?q=Gahlen&#038;t=m&#038;z=10&#038;output=embed&#038;iwloc=near\"\n\t\t\t\t\ttitle=\"Gahlen\"\n\t\t\t\t\taria-label=\"Gahlen\"\n\t\t\t><\/iframe>\n\t\t<\/div>\n\t\t\t\t\t\t<\/div>\n\t\t\t\t<\/div>\n\t\t\t\t\t<\/div>\n\t\t<\/div>\n\t\t\t\t\t<\/div>\n\t\t<\/section>\n\t\t<div class=\"elementor-element elementor-element-4ddeeef e-flex e-con-boxed e-con e-parent\" data-id=\"4ddeeef\" data-element_type=\"container\" data-e-type=\"container\">\n\t\t\t\t\t<div class=\"e-con-inner\">\n\t\t<div class=\"elementor-element elementor-element-342f9f7 e-con-full e-flex e-con e-child\" data-id=\"342f9f7\" data-element_type=\"container\" data-e-type=\"container\">\n\t\t\t\t<div class=\"elementor-element elementor-element-8c1baeb elementor-widget elementor-widget-text-editor\" data-id=\"8c1baeb\" data-element_type=\"widget\" data-e-type=\"widget\" data-widget_type=\"text-editor.default\">\n\t\t\t\t<div class=\"elementor-widget-container\">\n\t\t\t\t\t\t\t\t\t<p>Haben Menschen im Mittelalter Kohle aus dem Ruhrgebiet \u00fcber den Fluss Lippe transportiert?<\/p>\t\t\t\t\t\t\t\t<\/div>\n\t\t\t\t<\/div>\n\t\t\t\t<\/div>\n\t\t<div class=\"elementor-element elementor-element-d1c9e7f e-con-full e-flex e-con e-child\" data-id=\"d1c9e7f\" data-element_type=\"container\" data-e-type=\"container\">\n\t\t\t\t<div class=\"elementor-element elementor-element-a812a8e elementor-widget elementor-widget-image\" data-id=\"a812a8e\" data-element_type=\"widget\" data-e-type=\"widget\" data-widget_type=\"image.default\">\n\t\t\t\t<div class=\"elementor-widget-container\">\n\t\t\t\t\t\t\t\t\t\t\t\t\t\t\t<img decoding=\"async\" width=\"1024\" height=\"576\" src=\"https:\/\/pierrevangalen.com\/de\/wp-content\/uploads\/2024\/11\/Capture-decran-388-1024x576.png\" class=\"attachment-large size-large wp-image-2032\" alt=\"Entdeckung von Kohle\" srcset=\"https:\/\/pierrevangalen.com\/de\/wp-content\/uploads\/2024\/11\/Capture-decran-388-1024x576.png 1024w, https:\/\/pierrevangalen.com\/de\/wp-content\/uploads\/2024\/11\/Capture-decran-388-300x169.png 300w, https:\/\/pierrevangalen.com\/de\/wp-content\/uploads\/2024\/11\/Capture-decran-388-768x432.png 768w, https:\/\/pierrevangalen.com\/de\/wp-content\/uploads\/2024\/11\/Capture-decran-388-1536x864.png 1536w, https:\/\/pierrevangalen.com\/de\/wp-content\/uploads\/2024\/11\/Capture-decran-388.png 1920w\" sizes=\"(max-width: 1024px) 100vw, 1024px\" \/>\t\t\t\t\t\t\t\t\t\t\t\t\t\t\t<\/div>\n\t\t\t\t<\/div>\n\t\t\t\t<\/div>\n\t\t\t\t\t<\/div>\n\t\t\t\t<\/div>\n\t\t<div class=\"elementor-element elementor-element-0e884e3 e-con-full e-flex e-con e-parent\" data-id=\"0e884e3\" data-element_type=\"container\" data-e-type=\"container\" data-settings=\"{&quot;background_background&quot;:&quot;classic&quot;}\">\n\t\t<div class=\"elementor-element elementor-element-4d1356c e-con-full e-flex e-con e-child\" data-id=\"4d1356c\" data-element_type=\"container\" data-e-type=\"container\">\n\t\t\t\t<\/div>\n\t\t<div class=\"elementor-element elementor-element-c40e4ad e-con-full e-flex e-con e-child\" data-id=\"c40e4ad\" data-element_type=\"container\" data-e-type=\"container\">\n\t\t\t\t<div class=\"elementor-element elementor-element-cae432b elementor-widget elementor-widget-heading\" data-id=\"cae432b\" data-element_type=\"widget\" data-e-type=\"widget\" data-widget_type=\"heading.default\">\n\t\t\t\t<div class=\"elementor-widget-container\">\n\t\t\t\t\t<h3 class=\"elementor-heading-title elementor-size-default\">HINWEIS: Guten Tag! diese historische Arbeit soll nicht zu einem kommentierten Blog werden. Ich bin Pierre van Galen, Sie k\u00f6nnen mich unter e-mail rmvfjdon7@mozmail.com oder vorzugsweise \u00fcber die Registerkarte \"Kontakt\" kontaktieren : --&gt;<\/h3>\t\t\t\t<\/div>\n\t\t\t\t<\/div>\n\t\t\t\t<\/div>\n\t\t<div class=\"elementor-element elementor-element-049333c e-con-full e-flex e-con e-child\" data-id=\"049333c\" data-element_type=\"container\" data-e-type=\"container\">\n\t\t\t\t<div class=\"elementor-element elementor-element-75035fe elementor-align-center elementor-widget elementor-widget-button\" data-id=\"75035fe\" data-element_type=\"widget\" data-e-type=\"widget\" data-widget_type=\"button.default\">\n\t\t\t\t<div class=\"elementor-widget-container\">\n\t\t\t\t\t\t\t\t\t<div class=\"elementor-button-wrapper\">\n\t\t\t\t\t<a class=\"elementor-button elementor-button-link elementor-size-sm\" href=\"https:\/\/pierrevangalen.com\/de\/contact\">\n\t\t\t\t\t\t<span class=\"elementor-button-content-wrapper\">\n\t\t\t\t\t\t\t\t\t<span class=\"elementor-button-text\">Kontakt<\/span>\n\t\t\t\t\t<\/span>\n\t\t\t\t\t<\/a>\n\t\t\t\t<\/div>\n\t\t\t\t\t\t\t\t<\/div>\n\t\t\t\t<\/div>\n\t\t\t\t<\/div>\n\t\t<div class=\"elementor-element elementor-element-eb741fb e-con-full e-flex e-con e-child\" data-id=\"eb741fb\" data-element_type=\"container\" data-e-type=\"container\">\n\t\t\t\t<\/div>\n\t\t\t\t<\/div>\n\t\t\t\t<\/div>\n\t\t","protected":false},"excerpt":{"rendered":"<p>Genealogie der Familie GALEN Wenn der Name van GALEN oder von GALEN genannt wird, wird schnell klar, dass es sich um einen sehr alten Familiennamen handelt. Das Wappen [\u201cGold mit drei rote Doppelhaken\u201c] ist in der Tat sehr einfach. Dies l\u00e4sst mich vermuten, dass diese Wappen vom K\u00f6nig, vom Papst oder vom Kaiser ganz am [&hellip;]<\/p>\n","protected":false},"author":1,"featured_media":0,"parent":0,"menu_order":0,"comment_status":"closed","ping_status":"closed","template":"","meta":{"site-sidebar-layout":"no-sidebar","site-content-layout":"page-builder","ast-site-content-layout":"default","site-content-style":"default","site-sidebar-style":"default","ast-global-header-display":"","ast-banner-title-visibility":"","ast-main-header-display":"","ast-hfb-above-header-display":"","ast-hfb-below-header-display":"","ast-hfb-mobile-header-display":"","site-post-title":"disabled","ast-breadcrumbs-content":"","ast-featured-img":"disabled","footer-sml-layout":"","ast-disable-related-posts":"","theme-transparent-header-meta":"enabled","adv-header-id-meta":"","stick-header-meta":"","header-above-stick-meta":"","header-main-stick-meta":"","header-below-stick-meta":"","astra-migrate-meta-layouts":"default","ast-page-background-enabled":"default","ast-page-background-meta":{"desktop":{"background-color":"var(--ast-global-color-4)","background-image":"","background-repeat":"repeat","background-position":"center center","background-size":"auto","background-attachment":"scroll","background-type":"","background-media":"","overlay-type":"","overlay-color":"","overlay-opacity":"","overlay-gradient":""},"tablet":{"background-color":"","background-image":"","background-repeat":"repeat","background-position":"center center","background-size":"auto","background-attachment":"scroll","background-type":"","background-media":"","overlay-type":"","overlay-color":"","overlay-opacity":"","overlay-gradient":""},"mobile":{"background-color":"","background-image":"","background-repeat":"repeat","background-position":"center center","background-size":"auto","background-attachment":"scroll","background-type":"","background-media":"","overlay-type":"","overlay-color":"","overlay-opacity":"","overlay-gradient":""}},"ast-content-background-meta":{"desktop":{"background-color":"var(--ast-global-color-5)","background-image":"","background-repeat":"repeat","background-position":"center center","background-size":"auto","background-attachment":"scroll","background-type":"","background-media":"","overlay-type":"","overlay-color":"","overlay-opacity":"","overlay-gradient":""},"tablet":{"background-color":"var(--ast-global-color-5)","background-image":"","background-repeat":"repeat","background-position":"center center","background-size":"auto","background-attachment":"scroll","background-type":"","background-media":"","overlay-type":"","overlay-color":"","overlay-opacity":"","overlay-gradient":""},"mobile":{"background-color":"var(--ast-global-color-5)","background-image":"","background-repeat":"repeat","background-position":"center center","background-size":"auto","background-attachment":"scroll","background-type":"","background-media":"","overlay-type":"","overlay-color":"","overlay-opacity":"","overlay-gradient":""}},"footnotes":""},"class_list":["post-1318","page","type-page","status-publish","hentry"],"_links":{"self":[{"href":"https:\/\/pierrevangalen.com\/de\/wp-json\/wp\/v2\/pages\/1318","targetHints":{"allow":["GET"]}}],"collection":[{"href":"https:\/\/pierrevangalen.com\/de\/wp-json\/wp\/v2\/pages"}],"about":[{"href":"https:\/\/pierrevangalen.com\/de\/wp-json\/wp\/v2\/types\/page"}],"author":[{"embeddable":true,"href":"https:\/\/pierrevangalen.com\/de\/wp-json\/wp\/v2\/users\/1"}],"replies":[{"embeddable":true,"href":"https:\/\/pierrevangalen.com\/de\/wp-json\/wp\/v2\/comments?post=1318"}],"version-history":[{"count":135,"href":"https:\/\/pierrevangalen.com\/de\/wp-json\/wp\/v2\/pages\/1318\/revisions"}],"predecessor-version":[{"id":2111,"href":"https:\/\/pierrevangalen.com\/de\/wp-json\/wp\/v2\/pages\/1318\/revisions\/2111"}],"wp:attachment":[{"href":"https:\/\/pierrevangalen.com\/de\/wp-json\/wp\/v2\/media?parent=1318"}],"curies":[{"name":"wp","href":"https:\/\/api.w.org\/{rel}","templated":true}]}}